{"id":27,"date":"2023-08-11T17:33:58","date_gmt":"2023-08-11T17:33:58","guid":{"rendered":"http:\/\/espirituandes.com.ar\/eng\/?page_id=27"},"modified":"2023-08-14T16:51:16","modified_gmt":"2023-08-14T16:51:16","slug":"inversion","status":"publish","type":"page","link":"http:\/\/espirituandes.com.ar\/eng\/inversion\/","title":{"rendered":"Oportunidad de Inversi\u00f3n"},"content":{"rendered":"\n<div style=\"height:100px\" aria-hidden=\"true\" class=\"wp-block-spacer\"><\/div>\n\n\n\n<div class=\"wp-block-columns is-layout-flex wp-container-core-columns-is-layout-1 wp-block-columns-is-layout-flex\">\n<div class=\"wp-block-column is-layout-flow wp-block-column-is-layout-flow\" style=\"flex-basis:15%\"><\/div>\n\n\n\n<div class=\"wp-block-column has-large-font-size is-layout-flow wp-container-core-column-is-layout-2 wp-block-column-is-layout-flow\" style=\"border-style:none;border-width:0px;line-height:2;flex-basis:70%\">\n<p class=\"has-text-align-center\">ESP\u00cdRITU DE LOS ANDES S.A. se complace en anunciar el comienzo del Programa de Explotaci\u00f3n de su <strong>Proyecto de Oro Ecol\u00f3gico Aluvial AJEDREZ<\/strong> en la Provincia de Jujuy, Argentina.<\/p>\n\n\n\n<p class=\"has-text-align-center\">Dicho Programa considera la instalaci\u00f3n de la planta de concentraci\u00f3n y el comienzo de la producci\u00f3n de oro durante la segunda mitad de 2016.<\/p>\n\n\n\n<p class=\"has-text-align-center\">ESP\u00cdRITU DE LOS ANDES S.A. se encuentra buscando inversores que deseen participar de este desarrollo, apuntando a consolidar una mayor producci\u00f3n desde los inicios del Proyecto.<\/p>\n\n\n\n<p>Inter\u00e9s:&nbsp;&nbsp;&nbsp;&nbsp;&nbsp;&nbsp;&nbsp;&nbsp;&nbsp;&nbsp;&nbsp;&nbsp;&nbsp;&nbsp;&nbsp;&nbsp;&nbsp;&nbsp;&nbsp;&nbsp;&nbsp;&nbsp;&nbsp;&nbsp;&nbsp;&nbsp;&nbsp;&nbsp;&nbsp;&nbsp;&nbsp;&nbsp;&nbsp; &nbsp;&nbsp;&nbsp;&nbsp;&nbsp;&nbsp;&nbsp;&nbsp;&nbsp;&nbsp;&nbsp; Buscar Inversores\/ Fondos.<\/p>\n\n\n\n<p>Objetivo:&nbsp;&nbsp;&nbsp;&nbsp;&nbsp;&nbsp;&nbsp;&nbsp;&nbsp;&nbsp;&nbsp;&nbsp;&nbsp;&nbsp;&nbsp;&nbsp;&nbsp;&nbsp;&nbsp;&nbsp;&nbsp;&nbsp;&nbsp;&nbsp;&nbsp;&nbsp;&nbsp;&nbsp;&nbsp;&nbsp;&nbsp;&nbsp;&nbsp;&nbsp;&nbsp;&nbsp;&nbsp;&nbsp;&nbsp;&nbsp;&nbsp;&nbsp;&nbsp; Llevar el Proyecto a un nivel superior, incrementando la producci\u00f3n entre 3 y 4 veces de lo estimado en la actualidad.<\/p>\n\n\n\n<p>Veh\u00edculo:\u00a0\u00a0\u00a0\u00a0\u00a0\u00a0\u00a0\u00a0\u00a0\u00a0\u00a0\u00a0\u00a0\u00a0\u00a0\u00a0\u00a0\u00a0\u00a0\u00a0\u00a0\u00a0\u00a0\u00a0\u00a0\u00a0\u00a0\u00a0\u00a0\u00a0\u00a0\u00a0\u00a0\u00a0\u00a0\u00a0\u00a0\u00a0\u00a0\u00a0\u00a0 Adquisici\u00f3n de Acciones de la   Empresa ESP\u00cdRITU DE LOS ANDES S.A.<\/p>\n\n\n\n<p>&nbsp;&nbsp;&nbsp;&nbsp;&nbsp;&nbsp;&nbsp;&nbsp;&nbsp;&nbsp;&nbsp;&nbsp;&nbsp;&nbsp;&nbsp;&nbsp;&nbsp;&nbsp;&nbsp;&nbsp;&nbsp;&nbsp;&nbsp;&nbsp;&nbsp;&nbsp;&nbsp;&nbsp;&nbsp;&nbsp;&nbsp;&nbsp;&nbsp;&nbsp;&nbsp;&nbsp;&nbsp;&nbsp;&nbsp;&nbsp;&nbsp;&nbsp;&nbsp;&nbsp;&nbsp;&nbsp;&nbsp;&nbsp;&nbsp;&nbsp;&nbsp;&nbsp;&nbsp;&nbsp;&nbsp;&nbsp;&nbsp;&nbsp; y\/o Acuerdo de Compra de Producci\u00f3n<\/p>\n\n\n\n<p>Inversi\u00f3n Buscada: &nbsp;&nbsp;&nbsp;&nbsp;&nbsp;&nbsp;&nbsp;&nbsp;&nbsp;&nbsp;&nbsp; &nbsp;&nbsp;&nbsp;&nbsp;&nbsp;&nbsp;&nbsp;&nbsp;&nbsp;&nbsp;&nbsp; 1 &#8211; 5 MU$S<\/p>\n\n\n\n<p>Repago:&nbsp;&nbsp;&nbsp;&nbsp;&nbsp;&nbsp;&nbsp;&nbsp;&nbsp;&nbsp;&nbsp;&nbsp;&nbsp;&nbsp;&nbsp;&nbsp;&nbsp;&nbsp;&nbsp;&nbsp;&nbsp;&nbsp;&nbsp;&nbsp;&nbsp;&nbsp;&nbsp;&nbsp;&nbsp;&nbsp;&nbsp;&nbsp;&nbsp;&nbsp;&nbsp;&nbsp;&nbsp;&nbsp;&nbsp;&nbsp;&nbsp;&nbsp;&nbsp; 2 a\u00f1os.<\/p>\n\n\n\n<p>TIR:&nbsp;&nbsp;&nbsp;&nbsp;&nbsp;&nbsp;&nbsp;&nbsp;&nbsp;&nbsp;&nbsp;&nbsp;&nbsp;&nbsp;&nbsp;&nbsp;&nbsp;&nbsp;&nbsp;&nbsp;&nbsp;&nbsp;&nbsp;&nbsp;&nbsp;&nbsp;&nbsp;&nbsp;&nbsp;&nbsp;&nbsp;&nbsp;&nbsp;&nbsp;&nbsp;&nbsp;&nbsp;&nbsp;&nbsp;&nbsp;&nbsp;&nbsp;&nbsp;&nbsp;&nbsp;&nbsp;&nbsp;&nbsp;&nbsp;&nbsp;&nbsp; Mayor a 50%.<\/p>\n\n\n\n<p>Comienzo de la Producci\u00f3n:&nbsp;&nbsp;&nbsp;&nbsp;&nbsp;&nbsp;&nbsp; Segundo Trimestre 2016.<\/p>\n\n\n\n<p>Producci\u00f3n (en R\u00e9gimen):&nbsp;&nbsp;&nbsp;&nbsp;&nbsp;&nbsp;&nbsp;&nbsp;&nbsp;&nbsp;&nbsp; 8 a 12 Kg Oro.<\/p>\n\n\n\n<p>Reservas Inferidas:&nbsp;&nbsp;&nbsp;&nbsp;&nbsp;&nbsp;&nbsp;&nbsp;&nbsp;&nbsp;&nbsp;&nbsp;&nbsp;&nbsp;&nbsp;&nbsp;&nbsp;&nbsp;&nbsp;&nbsp;&nbsp;&nbsp;&nbsp; +3.000 Kg Oro.<\/p>\n\n\n\n<p>Vida del Proyecto (Estimada):&nbsp;&nbsp;&nbsp;&nbsp;&nbsp; 30 a\u00f1os.<\/p>\n<\/div>\n\n\n\n<div class=\"wp-block-column is-layout-flow wp-block-column-is-layout-flow\" style=\"flex-basis:15%\"><\/div>\n<\/div>\n\n\n\n<div style=\"height:100px\" aria-hidden=\"true\" class=\"wp-block-spacer\"><\/div>\n\n\n\n<div class=\"wp-block-columns is-layout-flex wp-container-core-columns-is-layout-2 wp-block-columns-is-layout-flex\">\n<div class=\"wp-block-column is-layout-flow wp-block-column-is-layout-flow\" style=\"flex-basis:15%\"><\/div>\n\n\n\n<div class=\"wp-block-column has-large-font-size is-layout-flow wp-container-core-column-is-layout-5 wp-block-column-is-layout-flow\" style=\"border-style:none;border-width:0px;line-height:2;flex-basis:70%\">\n<p class=\"has-text-align-center\"><strong><u>ESTADO DE AVANCE<\/u><\/strong><\/p>\n\n\n\n<p class=\"has-text-align-center\"><strong>Mayo de 2016<\/strong><\/p>\n\n\n\n<ul class=\"wp-block-list\">\n<li>Negociaci\u00f3n de la Compra de los Derechos Mineros:\u00a0\u00a0\u00a0\u00a0\u00a0\u00a0\u00a0\u00a0\u00a0\u00a0 \u00a0\u00a0\u00a0\u00a0\u00a0\u00a0\u00a0\u00a0\u00a0\u00a0\u00a0 100%<ul><li>Viajes al Lugar:&nbsp;&nbsp;&nbsp;&nbsp;&nbsp;&nbsp;&nbsp;&nbsp;&nbsp;&nbsp;&nbsp;&nbsp;&nbsp;&nbsp;&nbsp;&nbsp;&nbsp;&nbsp;&nbsp;&nbsp;&nbsp;&nbsp;&nbsp;&nbsp;&nbsp;&nbsp;&nbsp;&nbsp;&nbsp;&nbsp;&nbsp;&nbsp;&nbsp;&nbsp;&nbsp;&nbsp;&nbsp;&nbsp;&nbsp;&nbsp;&nbsp; &nbsp;&nbsp;&nbsp;&nbsp;&nbsp;&nbsp;&nbsp;&nbsp;&nbsp;&nbsp;&nbsp;&nbsp;&nbsp;&nbsp;&nbsp;&nbsp;&nbsp;&nbsp;&nbsp;&nbsp;&nbsp;&nbsp;&nbsp;&nbsp;&nbsp;&nbsp;&nbsp;&nbsp;&nbsp;&nbsp;&nbsp;&nbsp;&nbsp;&nbsp; + 35<\/li><\/ul><ul><li>Negociaci\u00f3n con las Comunidades del Lugar:&nbsp;&nbsp;&nbsp;&nbsp;&nbsp;&nbsp;&nbsp;&nbsp;&nbsp;&nbsp;&nbsp;&nbsp;&nbsp;&nbsp;&nbsp;&nbsp;&nbsp;&nbsp;&nbsp;&nbsp;&nbsp;&nbsp; &nbsp;&nbsp;&nbsp;&nbsp;&nbsp;&nbsp;&nbsp;&nbsp;&nbsp;&nbsp;&nbsp; 100%<\/li><\/ul><ul><li>Verificaci\u00f3n Legal de los Derechos Mineros:&nbsp;&nbsp;&nbsp;&nbsp;&nbsp;&nbsp;&nbsp;&nbsp;&nbsp;&nbsp;&nbsp;&nbsp;&nbsp; &nbsp;&nbsp;&nbsp;&nbsp;&nbsp;&nbsp;&nbsp;&nbsp;&nbsp;&nbsp;&nbsp; 100%<\/li><\/ul><ul><li>Planificaci\u00f3n de las Estructuras de Gerenciamiento: &nbsp;&nbsp;&nbsp;&nbsp;&nbsp;&nbsp;&nbsp;&nbsp;&nbsp;&nbsp;&nbsp; 100%<\/li><\/ul><ul><li>Presupuestaci\u00f3n Financiera:&nbsp;&nbsp;&nbsp;&nbsp;&nbsp;&nbsp;&nbsp;&nbsp;&nbsp;&nbsp;&nbsp;&nbsp;&nbsp;&nbsp;&nbsp;&nbsp;&nbsp;&nbsp;&nbsp;&nbsp;&nbsp;&nbsp;&nbsp;&nbsp;&nbsp;&nbsp;&nbsp;&nbsp;&nbsp; &nbsp;&nbsp;&nbsp;&nbsp;&nbsp;&nbsp;&nbsp;&nbsp;&nbsp;&nbsp;&nbsp;&nbsp;&nbsp;&nbsp;&nbsp;&nbsp;&nbsp;&nbsp;&nbsp;&nbsp;&nbsp;&nbsp;&nbsp; 100%<\/li><\/ul><ul><li>Aprobaci\u00f3n Informe de Impacto Ambiental de Exploraci\u00f3n: 07\/05\/14<\/li><\/ul><ul><li>Etapas de Prospecci\u00f3n &amp; Exploraci\u00f3n:&nbsp;&nbsp;&nbsp;&nbsp;&nbsp;&nbsp;&nbsp;&nbsp;&nbsp;&nbsp;&nbsp;&nbsp;&nbsp;&nbsp;&nbsp;&nbsp;&nbsp;&nbsp;&nbsp;&nbsp;&nbsp;&nbsp;&nbsp;&nbsp;&nbsp;&nbsp;&nbsp;&nbsp;&nbsp;&nbsp;&nbsp;&nbsp;&nbsp;&nbsp;&nbsp;&nbsp; 100%<\/li><\/ul><ul><li>Dise\u00f1o de Planta de Concentraci\u00f3n:&nbsp;&nbsp;&nbsp;&nbsp;&nbsp;&nbsp;&nbsp;&nbsp;&nbsp;&nbsp;&nbsp;&nbsp;&nbsp;&nbsp;&nbsp;&nbsp;&nbsp;&nbsp;&nbsp;&nbsp;&nbsp;&nbsp;&nbsp;&nbsp;&nbsp;&nbsp;&nbsp; &nbsp;&nbsp;&nbsp;&nbsp;&nbsp;&nbsp;&nbsp;&nbsp;&nbsp;&nbsp;&nbsp; 100%<\/li><\/ul><ul><li>Presupuestaci\u00f3n de Estudios Preliminares:&nbsp;&nbsp;&nbsp;&nbsp;&nbsp;&nbsp;&nbsp;&nbsp;&nbsp;&nbsp;&nbsp;&nbsp;&nbsp;&nbsp;&nbsp; &nbsp;&nbsp;&nbsp;&nbsp;&nbsp;&nbsp;&nbsp;&nbsp;&nbsp;&nbsp;&nbsp; 100%<\/li><\/ul><ul><li>Aprobaci\u00f3n Informe de Impacto Ambiental de Explotaci\u00f3n:09\/12\/15<\/li><\/ul>\n<ul class=\"wp-block-list\">\n<li>Compra de Planta de Concentraci\u00f3n de Peque\u00f1a Escala<\/li>\n<\/ul>\n<\/li>\n<\/ul>\n\n\n\n<p>&amp; Otros Equipos&nbsp;&nbsp;&nbsp;&nbsp;&nbsp;&nbsp;&nbsp;&nbsp;&nbsp;&nbsp;&nbsp;&nbsp;&nbsp;&nbsp;&nbsp;&nbsp;&nbsp;&nbsp;&nbsp;&nbsp;&nbsp;&nbsp;&nbsp;&nbsp;&nbsp;&nbsp;&nbsp;&nbsp;&nbsp;&nbsp;&nbsp;&nbsp;&nbsp;&nbsp;&nbsp;&nbsp;&nbsp;&nbsp;&nbsp;&nbsp;&nbsp;&nbsp;&nbsp;&nbsp;&nbsp;&nbsp;&nbsp;&nbsp;&nbsp;&nbsp;&nbsp;&nbsp;&nbsp;&nbsp;&nbsp;&nbsp;&nbsp;&nbsp;&nbsp;&nbsp;&nbsp;&nbsp;&nbsp;&nbsp;&nbsp;&nbsp;&nbsp;&nbsp;&nbsp;&nbsp;&nbsp;&nbsp;&nbsp;&nbsp;&nbsp; 100%<\/p>\n\n\n\n<ul class=\"wp-block-list\">\n<li>Cierre de Negociaci\u00f3n con Superficiario\u00a0\u00a0\u00a0\u00a0\u00a0\u00a0\u00a0\u00a0\u00a0\u00a0\u00a0\u00a0\u00a0\u00a0\u00a0\u00a0\u00a0\u00a0\u00a0\u00a0\u00a0\u00a0\u00a0\u00a0\u00a0\u00a0\u00a0\u00a0\u00a0\u00a0\u00a0\u00a0 100%\n<ul class=\"wp-block-list\">\n<li>Inscripci\u00f3n de EASA en la Ley de Inversiones Mineras&nbsp;&nbsp;&nbsp;&nbsp;&nbsp;&nbsp;&nbsp; 100%<\/li>\n<\/ul>\n<\/li>\n<\/ul>\n\n\n\n<p class=\"has-text-align-center\"><strong><u>ETAPAS &amp; TAREAS PREVISTAS<\/u><\/strong><\/p>\n\n\n\n<p class=\"has-text-align-center\"><strong>Primer &amp; Segundo Trimestre 2016<\/strong><\/p>\n\n\n\n<ul class=\"wp-block-list\">\n<li>Instalaci\u00f3n de Planta de Concentraci\u00f3n Peque\u00f1a Escala<\/li>\n<\/ul>\n\n\n\n<p>&nbsp;&amp; Campamento<\/p>\n\n\n\n<ul class=\"wp-block-list\">\n<li>Conexi\u00f3n a Red El\u00e9ctrica Provincial<ul><li>Desarrollo de Infraestructura en el Proyecto<\/li><\/ul><ul><li>Puesta a Punto de Equipos de Concentraci\u00f3n<\/li><\/ul>\n<ul class=\"wp-block-list\">\n<li>Comienzo de la Producci\u00f3n<\/li>\n<\/ul>\n<\/li>\n<\/ul>\n\n\n\n<p>Compra de Planta de Concentraci\u00f3n Gran Escala<\/p>\n<\/div>\n\n\n\n<div class=\"wp-block-column is-layout-flow wp-block-column-is-layout-flow\" style=\"flex-basis:15%\"><\/div>\n<\/div>\n\n\n\n<div style=\"height:100px\" aria-hidden=\"true\" class=\"wp-block-spacer\"><\/div>\n\n\n\n<div class=\"wp-block-columns is-layout-flex wp-container-core-columns-is-layout-3 wp-block-columns-is-layout-flex\">\n<div class=\"wp-block-column is-layout-flow wp-block-column-is-layout-flow\" style=\"flex-basis:15%\"><\/div>\n\n\n\n<div class=\"wp-block-column has-large-font-size is-layout-flow wp-container-core-column-is-layout-8 wp-block-column-is-layout-flow\" style=\"border-style:none;border-width:0px;line-height:2;flex-basis:70%\">\n<p class=\"has-text-align-center\"><strong>RESUMEN EJECUTIVO<\/strong><\/p>\n\n\n\n<p class=\"has-text-align-center\"><strong>Mayo 2016<\/strong><\/p>\n\n\n\n<ul class=\"wp-block-list\">\n<li>El PROYECTO DE ORO ALUVIAL AJEDREZ es uno de los proyectos de oro aluvial m\u00e1s importantes de la Argentina, debido a la calidad de la mena y al monto estimado de sus reservas.<\/li>\n<\/ul>\n\n\n\n<ul class=\"wp-block-list\">\n<li>Las caracter\u00edsticas de este yacimiento permiten la extracci\u00f3n y concentraci\u00f3n de oro por medios mec\u00e1nicos convencionales, a muy bajo costo, sin la aplicaci\u00f3n de productos qu\u00edmicos agresivos al medio ambiente.<\/li>\n<\/ul>\n\n\n\n<ul class=\"wp-block-list\">\n<li>El Proyecto est\u00e1 localizado dentro del reconocido Distrito Aur\u00edfero de la Sierra de La Rinconada, en el noroeste de la Provincia de Jujuy, a unos 300 km de la Ciudad de San Salvador de Jujuy, la capital de la provincia.<\/li>\n<\/ul>\n\n\n\n<ul class=\"wp-block-list\">\n<li>La superficie del Proyecto es de aproximadamente 6.000 hect\u00e1reas, emplazadas a 3.900 metros sobre el nivel del mar. Sin embargo, debido a la casi falta de temporada de nieve, las actividades de exploraci\u00f3n y explotaci\u00f3n pueden ser llevadas a cabo durante todo el a\u00f1o.<\/li>\n<\/ul>\n\n\n\n<ul class=\"wp-block-list\">\n<li>El Informe de Impacto Ambiental (I.I.A.) para exploraci\u00f3n del Proyecto fue consensuado y aprobado en forma un\u00e1nime por la Unidad de Gesti\u00f3n Ambiental Provincial (U.G.A.M.P.) de Jujuy, entidad integrada por m\u00e1s de diez (10) organismos del estado provincial, la Universidad de Jujuy, la central de obreros mineros y representantes de las Comunidades y Pueblos Originarios de la regi\u00f3n del Proyecto.<\/li>\n\n\n\n<li>La Direcci\u00f3n Provinvial de Miner\u00eda de Jujuy, con fecha 7 de mayo de 2014, resolvi\u00f3 la aprobaci\u00f3n del I.I.A., autorizando las actividades de exploraci\u00f3n en el Proyecto Ajedrez.<\/li>\n<\/ul>\n\n\n\n<ul class=\"wp-block-list\">\n<li>Un intenso programa de exploraci\u00f3n fue llevado a cabo durante 2014 y principios de 2015 con el objetivo de confirmar el potencial aur\u00edfero del Proyecto y poder definir su factibilidad econ\u00f3mica.<\/li>\n<\/ul>\n\n\n\n<ul class=\"wp-block-list\">\n<li>Las principales reservas de oro del Proyecto fueron encontradas en las terrazas fluviales y en las planicies de inundaci\u00f3n. La ley media del mineral dentro de estos objetivos de exploraci\u00f3n es de 0,7 g\/m<sup>3<\/sup>, habi\u00e9ndose encontrado sectores con m\u00e1s de 4 g\/m<sup>3<\/sup> de oro.<\/li>\n<\/ul>\n\n\n\n<ul class=\"wp-block-list\">\n<li>Los resultados del programa de exploraci\u00f3n fueron muy alentadores: se pudo estimar la existencia de al menos unas 100.000 onzas troy (unos 3.000 kg) de oro en el sector del Proyecto explorado (el 10% de la superficie de las propiedades mineras).<\/li>\n<\/ul>\n\n\n\n<ul class=\"wp-block-list\">\n<li>Se prev\u00e9 la instalaci\u00f3n de una planta m\u00f3vil de concentraci\u00f3n de oro dentro del \u00e1rea del Proyecto. La misma constar\u00e1 principalmente de equipos de concentraci\u00f3n gravitacional centr\u00edfuga, los que permiten una alta recuperaci\u00f3n del oro, particularmente el presente en las granulometr\u00edas muy finas.<\/li>\n<\/ul>\n\n\n\n<ul class=\"wp-block-list\">\n<li>El dise\u00f1o actual de la Etapa de Explotaci\u00f3n contempla que entre ocho (8) y doce (12) kilogramos de oro podr\u00e1n ser producidos por mes, con los equipos de concentraci\u00f3n de mineral en r\u00e9gimen. De mantenerse este ritmo de producci\u00f3n, el Proyecto tendr\u00eda una vida \u00fatil de unos treinta (30) a\u00f1os.<\/li>\n<\/ul>\n\n\n\n<ul class=\"wp-block-list\">\n<li>El Informe de Impacto Ambiental (I.I.A.) para la explotaci\u00f3n del Proyecto fue nuevamente consensuado y aprobado en forma un\u00e1nime por la Unidad de Gesti\u00f3n Ambiental Provincial (U.G.A.M.P.) de Jujuy. La Direcci\u00f3n Provincial de Miner\u00eda de dicha provincia, con fecha 9 de diciembre de 2015, resolvi\u00f3 la aprobaci\u00f3n del I.I.A., autorizando las actividades de explotaci\u00f3n en el Proyecto Ajedrez.<\/li>\n\n\n\n<li>ESPIRITU DE LOS ANDES S.A. propietaria del 100% de los derechos mineros del Proyecto Ajedrez, firm\u00f3 a fines del a\u00f1o 2013 un Contrato de Colaboraci\u00f3n Empresarial con J.E.M.S.E., empresa estatal de energ\u00eda y miner\u00eda de la Provincia de Jujuy, buscando el desarrollo y crecimiento empresarial propio, as\u00ed como el desarrollo de las actividades econ\u00f3micas directas e indirectas de las Comunidades y de las \u00e1reas de Influencia donde se ubica el Proyecto Ajedrez.<\/li>\n\n\n\n<li>ESPIRITU DE LOS ANDES S.A. ha desarrollado a lo largo de los \u00faltimos cuatro a\u00f1os una intensa tarea de sociabilizaci\u00f3n con las Comunidades locales que habitan la regi\u00f3n del Proyecto, alcanz\u00e1ndose un muy positivo e importante grado de relaci\u00f3n empresa-comunidad.<\/li>\n\n\n\n<li>Se considera adem\u00e1s que la concreci\u00f3n del Proyecto puede acarrear importantes beneficios regionales que pueden contribuir a la incorporaci\u00f3n de la miner\u00eda artesanal o informal en el proceso productivo que plantea ESPIRITU DE LOS ANDES S.A., volc\u00e1ndolo de esta manera al sector de la econom\u00eda formal.<\/li>\n\n\n\n<li>La instalaci\u00f3n de la planta de procesamiento en el \u00e1rea del Proyecto ser\u00eda el eslab\u00f3n en la regi\u00f3n de la cadena de comercializaci\u00f3n entre los lavadores artesanales individuales o comunitarios y el comercio, permitiendo de esta manera una mayor rentabilidad econ\u00f3mica a los proyectos individuales al sumarlos a una estructura empresarial.<\/li>\n\n\n\n<li>ESPIRITU DE LOS ANDES S.A. estima comenzar a producir oro ecol\u00f3gico en el segundo semestre del 2016.<\/li>\n<\/ul>\n<\/div>\n\n\n\n<div class=\"wp-block-column is-layout-flow wp-block-column-is-layout-flow\" style=\"flex-basis:15%\"><\/div>\n<\/div>\n\n\n\n<p><\/p>\n\n\n\n<div style=\"height:100px\" aria-hidden=\"true\" class=\"wp-block-spacer\"><\/div>\n","protected":false},"excerpt":{"rendered":"<p>ESP\u00cdRITU DE LOS ANDES S.A. se complace en anunciar el comienzo del Programa de Explotaci\u00f3n de su Proyecto de Oro Ecol\u00f3gico Aluvial AJEDREZ en la Provincia de Jujuy, Argentina. Dicho Programa considera la instalaci\u00f3n de la planta de concentraci\u00f3n y el comienzo de la producci\u00f3n de oro durante la segunda mitad de 2016. ESP\u00cdRITU DE LOS ANDES S.A. se encuentra buscando inversores que deseen participar de este desarrollo, apuntando a consolidar una mayor producci\u00f3n desde los inicios del Proyecto. Inter\u00e9s:&nbsp;&nbsp;&nbsp;&nbsp;&nbsp;&nbsp;&nbsp;&nbsp;&nbsp;&nbsp;&nbsp;&nbsp;&nbsp;&nbsp;&nbsp;&nbsp;&nbsp;&nbsp;&nbsp;&nbsp;&nbsp;&nbsp;&nbsp;&nbsp;&nbsp;&nbsp;&nbsp;&nbsp;&nbsp;&nbsp;&nbsp;&nbsp;&nbsp; &nbsp;&nbsp;&nbsp;&nbsp;&nbsp;&nbsp;&nbsp;&nbsp;&nbsp;&nbsp;&nbsp; Buscar Inversores\/ Fondos. Objetivo:&nbsp;&nbsp;&nbsp;&nbsp;&nbsp;&nbsp;&nbsp;&nbsp;&nbsp;&nbsp;&nbsp;&nbsp;&nbsp;&nbsp;&nbsp;&nbsp;&nbsp;&nbsp;&nbsp;&nbsp;&nbsp;&nbsp;&nbsp;&nbsp;&nbsp;&nbsp;&nbsp;&nbsp;&nbsp;&nbsp;&nbsp;&nbsp;&nbsp;&nbsp;&nbsp;&nbsp;&nbsp;&nbsp;&nbsp;&nbsp;&nbsp;&nbsp;&nbsp; Llevar el Proyecto a un nivel superior, incrementando la producci\u00f3n entre 3 y 4 veces<\/p>\n","protected":false},"author":1,"featured_media":0,"parent":0,"menu_order":0,"comment_status":"closed","ping_status":"closed","template":"","meta":{"_eb_attr":"","footnotes":""},"class_list":["post-27","page","type-page","status-publish","hentry"],"_links":{"self":[{"href":"http:\/\/espirituandes.com.ar\/eng\/wp-json\/wp\/v2\/pages\/27","targetHints":{"allow":["GET"]}}],"collection":[{"href":"http:\/\/espirituandes.com.ar\/eng\/wp-json\/wp\/v2\/pages"}],"about":[{"href":"http:\/\/espirituandes.com.ar\/eng\/wp-json\/wp\/v2\/types\/page"}],"author":[{"embeddable":true,"href":"http:\/\/espirituandes.com.ar\/eng\/wp-json\/wp\/v2\/users\/1"}],"replies":[{"embeddable":true,"href":"http:\/\/espirituandes.com.ar\/eng\/wp-json\/wp\/v2\/comments?post=27"}],"version-history":[{"count":3,"href":"http:\/\/espirituandes.com.ar\/eng\/wp-json\/wp\/v2\/pages\/27\/revisions"}],"predecessor-version":[{"id":140,"href":"http:\/\/espirituandes.com.ar\/eng\/wp-json\/wp\/v2\/pages\/27\/revisions\/140"}],"wp:attachment":[{"href":"http:\/\/espirituandes.com.ar\/eng\/wp-json\/wp\/v2\/media?parent=27"}],"curies":[{"name":"wp","href":"https:\/\/api.w.org\/{rel}","templated":true}]}}